{"id":6,"date":"2023-06-09T16:30:06","date_gmt":"2023-06-09T16:30:06","guid":{"rendered":"https:\/\/evetesvendeghaz.hu\/?page_id=6"},"modified":"2023-07-07T19:29:56","modified_gmt":"2023-07-07T19:29:56","slug":"teszt","status":"publish","type":"page","link":"https:\/\/evetesvendeghaz.hu\/?page_id=6","title":{"rendered":"Megnyitottunk!"},"content":{"rendered":"\n<p>Vend\u00e9gh\u00e1zunk Balaton-felvid\u00e9ken egy b\u00e1jos kis zs\u00e1kfalu, Hidegk\u00fat f\u0151 utc\u00e1j\u00e1n (Hossz\u00fa utca 64.) tal\u00e1lhat\u00f3. A faluban \u00e9lelmiszerbolt , valamint egy sz\u00e9pen fel\u00faj\u00edtott patakparti sportp\u00e1lya \u00e9s j\u00e1tsz\u00f3t\u00e9r is megtal\u00e1lhat\u00f3. Hidegk\u00fat Balatonf\u00fcredt\u0151l l\u00e9gvonalban 5 km-re helyezkedik el, F\u00fcred az erd\u0151n kereszt\u00fcl ker\u00e9kp\u00e1rral vagy gyalogosan is el\u00e9rhet\u0151 egy k\u00f6nnyed kis s\u00e9ta keretein bel\u00fcl. K\u00f6z\u00faton 15 km, csak\u00fagy min Veszpr\u00e9m Eur\u00f3pa kultur\u00e1lis f\u0151v\u00e1rosa, mely eg\u00e9sz ny\u00e1ron biztos\u00edtja a k\u00f6nnyed kikapcsol\u00f3d\u00e1s lehet\u0151s\u00e9g\u00e9t.<br>Hidegk\u00fat valaha k\u00e9t telep\u00fcl\u00e9s volt, melynek hat\u00e1rait a falun kereszt\u00fcl foly\u00f3 patak adta, mely eg\u00e9sz \u00e9vben csordog\u00e1l. A falu k\u00f6zpontj\u00e1ban egy f\u00e1s ligetes park tal\u00e1lhat\u00f3 a j\u00e1tsz\u00f3t\u00e9r mellett.<br>A telep\u00fcl\u00e9s elhelyezked\u00e9s\u00e9nek k\u00f6sz\u00f6nhet\u0151en, itt minden koroszt\u00e1ly megtal\u00e1lja a kikapcsol\u00f3d\u00e1si lehet\u0151s\u00e9geket, legyen sz\u00f3 ak\u00e1r csal\u00e1di vagy bar\u00e1ti t\u00e1rsas\u00e1gr\u00f3l. A Balaton (f\u00fcrd\u0151z\u00e9si, sportol\u00e1si lehet\u0151s\u00e9gek) \u00e9s Veszpr\u00e9m k\u00f6zels\u00e9ge (Veszpr\u00e9mi v\u00e1r, kultur\u00e1lis rendezv\u00e9nyek), a gyalogos \u00e9s ker\u00e9kp\u00e1ros turista \u00fatvonalak a falu b\u00e1ja minden bet\u00e9r\u0151t mag\u00e1val ragad. A falub\u00f3l t\u00f6bb kedvelt turista \u00fatvonal el\u00e9rhet\u0151: Recsek-hegyi kil\u00e1t\u00f3, Koloskav\u00f6lgy, Balatonsz\u0151l\u0151s stb\u2026A k\u00f6rny\u00e9k pinc\u00e9i finom borkostol\u00f3val v\u00e1rj\u00e1k a bet\u00e9r\u0151 vend\u00e9geket. A gasztron\u00f3miai \u00e9lvezetekr\u0151l a k\u00f6rny\u00e9k vend\u00e9gl\u00e1t\u00f3helyei gondoskodnak.<br>A sz\u00e1ll\u00e1st\u00f3l 20 km-re v\u00e1rja a f\u00fcrd\u0151zni v\u00e1gy\u00f3kat az \u00d6rv\u00e9nyesi Szabadstrand.<br>A vend\u00e9gh\u00e1z egy 130 \u00e9ves fel\u00faj\u00edtott sv\u00e1b paraszth\u00e1z, melynek helyis\u00e9g kialak\u00edt\u00e1sait meghagytuk. \u00cdgy az el\u0151t\u00e9rbe bel\u00e9pve szembe tal\u00e1lhat\u00f3 a f\u00fcrd\u0151szoba wc-vel, jobbra pedig a nappali. A nappalib\u00f3l ny\u00edlik a h\u00e1l\u00f3szoba, ami az utcafrontra n\u00e9z. Az ablakok h\u0151- \u00e9s hangszigeteltek. Az el\u0151t\u00e9rb\u0151l balra tal\u00e1ljuk az \u00e9tkez\u0151-konyh\u00e1t, ahonnan egy kis l\u00e9pcs\u0151 vezet a 35 m2-es fedett teraszra. A konyha teljesen felszerelt. Egy Nespresso \u00e9s egy Szarvasi k\u00e1v\u00e9f\u0151z\u0151 tal\u00e1lhat\u00f3.<br>\u00c1gynem\u0171t \u00e9s t\u00f6r\u00f6lk\u00f6z\u0151t minden vend\u00e9g\u00fcnk sz\u00e1m\u00e1ra biztos\u00edtunk.<br>A vend\u00e9gh\u00e1zhoz egy gar\u00e1zs \u00e9s egy nagy kert tartozik bogr\u00e1csoz\u00e1si lehet\u0151s\u00e9ggel.<br>Az udvar-kert ker\u00edt\u00e9ssel k\u00f6rbeker\u00edtett.<br>Vend\u00e9gh\u00e1zunkban felszerel\u00e9sre ker\u00fclt k\u00e9t db h\u0171t\u0151-f\u0171t\u0151 kl\u00edma, b\u00e1r a 70 cm-es k\u0151falaknak k\u00f6sz\u00f6nhet\u0151en h\u0171t\u00e9sre m\u00e9g a legnagyobb ny\u00e1ri melegben sincs sz\u00fcks\u00e9g.<\/p>\n\n\n\n<p>B\u00e1rmilyen k\u00e9rd\u00e9ssel\/k\u00e9r\u00e9ssel \u00e1llunk vend\u00e9geink rendelkez\u00e9s\u00e9re. <\/p>\n\n\n\n<p>El\u00e9rhet\u0151s\u00e9g: <\/p>\n\n\n\n<p>Dani-\u00d6rd\u00f6g Dalma +36203356922<\/p>\n\n\n\n<p>daniordogdalma@gmail.com<\/p>\n\n\n\n<p>Sz\u00e1ll\u00e1shely NTAK regisztr\u00e1ci\u00f3s sz\u00e1ma: MA23060385<\/p>\n\n\n\n<figure class=\"wp-block-gallery has-nested-images columns-default is-cropped wp-block-gallery-1 is-layout-flex wp-block-gallery-is-layout-flex\">\n<figure class=\"wp-block-image size-large\"><img loading=\"lazy\" decoding=\"async\" width=\"1024\" height=\"606\" data-id=\"44\" src=\"https:\/\/evetesvendeghaz.hu\/wp-content\/uploads\/2023\/06\/20230609_183750-1024x606.jpg\" alt=\"\" class=\"wp-image-44\" srcset=\"https:\/\/evetesvendeghaz.hu\/wp-content\/uploads\/2023\/06\/20230609_183750-1024x606.jpg 1024w, https:\/\/evetesvendeghaz.hu\/wp-content\/uploads\/2023\/06\/20230609_183750-300x178.jpg 300w, https:\/\/evetesvendeghaz.hu\/wp-content\/uploads\/2023\/06\/20230609_183750-768x455.jpg 768w, https:\/\/evetesvendeghaz.hu\/wp-content\/uploads\/2023\/06\/20230609_183750-1536x909.jpg 1536w, https:\/\/evetesvendeghaz.hu\/wp-content\/uploads\/2023\/06\/20230609_183750-2048x1213.jpg 2048w, https:\/\/evetesvendeghaz.hu\/wp-content\/uploads\/2023\/06\/20230609_183750-676x400.jpg 676w\" sizes=\"auto, (max-width: 1024px) 100vw, 1024px\" \/><\/figure>\n<\/figure>\n","protected":false},"excerpt":{"rendered":"<p>Vend\u00e9gh\u00e1zunk Balaton-felvid\u00e9ken egy b\u00e1jos kis zs\u00e1kfalu, Hidegk\u00fat f\u0151 utc\u00e1j\u00e1n (Hossz\u00fa utca 64.) tal\u00e1lhat\u00f3. A faluban \u00e9lelmiszerbolt , valamint egy sz\u00e9pen fel\u00faj\u00edtott patakparti sportp\u00e1lya \u00e9s j\u00e1tsz\u00f3t\u00e9r is megtal\u00e1lhat\u00f3. Hidegk\u00fat Balatonf\u00fcredt\u0151l l\u00e9gvonalban 5 km-re helyezkedik el, F\u00fcred az erd\u0151n kereszt\u00fcl ker\u00e9kp\u00e1rral vagy gyalogosan is el\u00e9rhet\u0151 egy k\u00f6nnyed kis s\u00e9ta keretein bel\u00fcl. K\u00f6z\u00faton 15 km, csak\u00fagy min Veszpr\u00e9m [&hellip;]<\/p>\n","protected":false},"author":1,"featured_media":0,"parent":0,"menu_order":0,"comment_status":"closed","ping_status":"closed","template":"","meta":{"footnotes":""},"class_list":["post-6","page","type-page","status-publish","hentry","post-preview"],"_links":{"self":[{"href":"https:\/\/evetesvendeghaz.hu\/index.php?rest_route=\/wp\/v2\/pages\/6","targetHints":{"allow":["GET"]}}],"collection":[{"href":"https:\/\/evetesvendeghaz.hu\/index.php?rest_route=\/wp\/v2\/pages"}],"about":[{"href":"https:\/\/evetesvendeghaz.hu\/index.php?rest_route=\/wp\/v2\/types\/page"}],"author":[{"embeddable":true,"href":"https:\/\/evetesvendeghaz.hu\/index.php?rest_route=\/wp\/v2\/users\/1"}],"replies":[{"embeddable":true,"href":"https:\/\/evetesvendeghaz.hu\/index.php?rest_route=%2Fwp%2Fv2%2Fcomments&post=6"}],"version-history":[{"count":6,"href":"https:\/\/evetesvendeghaz.hu\/index.php?rest_route=\/wp\/v2\/pages\/6\/revisions"}],"predecessor-version":[{"id":212,"href":"https:\/\/evetesvendeghaz.hu\/index.php?rest_route=\/wp\/v2\/pages\/6\/revisions\/212"}],"wp:attachment":[{"href":"https:\/\/evetesvendeghaz.hu\/index.php?rest_route=%2Fwp%2Fv2%2Fmedia&parent=6"}],"curies":[{"name":"wp","href":"https:\/\/api.w.org\/{rel}","templated":true}]}}