{"id":142,"date":"2023-06-28T13:13:22","date_gmt":"2023-06-28T13:13:22","guid":{"rendered":"https:\/\/evetesvendeghaz.hu\/?page_id=142"},"modified":"2026-03-24T05:10:05","modified_gmt":"2026-03-24T05:10:05","slug":"arlista-es-informaciok","status":"publish","type":"page","link":"https:\/\/evetesvendeghaz.hu\/?page_id=142","title":{"rendered":"\u00c1rlista"},"content":{"rendered":"\n<p>\u00c9rv\u00e9nyes: 2026. \u00e1prilis 01-2026. okt\u00f3ber 01.<\/p>\n\n\n\n<p>A teljes h\u00e1zat adjuk ki.<\/p>\n\n\n\n<figure class=\"wp-block-table\"><table class=\"has-fixed-layout\"><tbody><tr><td>1 f\u0151<\/td><td>50 000 Ft<\/td><\/tr><tr><td>2 f\u0151<\/td><td>50 000 Ft<\/td><\/tr><tr><td>3 f\u0151<\/td><td>50 000 Ft<\/td><\/tr><tr><td>4 f\u0151 <\/td><td>50 000 Ft<\/td><\/tr><tr><td>5 f\u0151<\/td><td>50 000 Ft<\/td><\/tr><tr><td>6 f\u0151<\/td><td>60 000 Ft<\/td><\/tr><\/tbody><\/table><\/figure>\n\n\n\n<p>Egy \u00e9jszaka eset\u00e9n egyszeri 10&nbsp;000 Ft fel\u00e1r fizetend\u0151.<\/p>\n\n\n\n<p><strong>Vend\u00e9gh\u00e1z \u00e1rak tartalma<\/strong><\/p>\n\n\n\n<ul class=\"wp-block-list\">\n<li>\u00dcdv\u00f6zl\u0151 ital<\/li>\n\n\n\n<li>Sz\u00e1ll\u00e1s<\/li>\n\n\n\n<li>Takar\u00edt\u00e1s<\/li>\n\n\n\n<li>Ingyen WiFi haszn\u00e1lat<\/li>\n\n\n\n<li>T\u00f6r\u00f6lk\u00f6z\u0151<\/li>\n\n\n\n<li>\u00c1gynem\u0171<\/li>\n\n\n\n<li>Parkol\u00e1s a vend\u00e9gh\u00e1z nyitott gar\u00e1zs\u00e1ban<\/li>\n\n\n\n<li>Szalonnas\u00fct\u0151, bogr\u00e1csoz\u00f3 hely haszn\u00e1lata<\/li>\n\n\n\n<li>T\u00fczifa a s\u00fct\u00f6get\u00e9shez<\/li>\n<\/ul>\n\n\n\n<p><strong>Foglal\u00e1si \u00e9s lemond\u00e1si felt\u00e9telek<\/strong><\/p>\n\n\n\n<p><strong>Foglal\u00e1si felt\u00e9telek:<\/strong><\/p>\n\n\n\n<p>Foglal\u00e1s kiz\u00e1r\u00f3lag emailben vagy az evetesvendeghaz.hu oldalon kereszt\u00fcl \u00edr\u00e1sban t\u00f6rt\u00e9nik, melyr\u0151l minden esetben \u00edr\u00e1sos visszaigazol\u00e1st k\u00fcld\u00fcnk. A foglal\u00e1skor a k\u00f6vetkez\u0151 adatok megad\u00e1sa k\u00f6telez\u0151:<\/p>\n\n\n\n<ul class=\"wp-block-list\">\n<li>Foglal\u00f3 neve<\/li>\n\n\n\n<li>A foglal\u00f3 nemzetis\u00e9ge<\/li>\n\n\n\n<li>\u00c9rkez\u0151 szem\u00e9lyek sz\u00e1ma<\/li>\n\n\n\n<li>Gyermekek \u00e9letkora<\/li>\n\n\n\n<li>\u00c9rkez\u00e9si d\u00e1tum<\/li>\n\n\n\n<li>Elutaz\u00e1s d\u00e1tuma<\/li>\n\n\n\n<li>\u00c9jszak\u00e1k sz\u00e1ma<\/li>\n<\/ul>\n\n\n\n<p>A foglal\u00e1s visszaigazol\u00e1sa kiz\u00e1r\u00f3lag a fenti adatok pontos megad\u00e1sa ut\u00e1n lehets\u00e9ges.<\/p>\n\n\n\n<p>Foglal\u00e1skor 3 napon bel\u00fcl a sz\u00e1ll\u00e1sd\u00edj 50%-a fizetend\u0151 foglal\u00f3k\u00e9nt. Tov\u00e1bbi 50% sz\u00e1ll\u00e1sd\u00edj \u00e9s az idegenforgalmi ad\u00f3 kiegyenl\u00edt\u00e9se a helysz\u00ednen lehets\u00e9ges k\u00e9szp\u00e9nzzel, illetve \u00e9rkez\u00e9s el\u0151tt, a sz\u00e1ll\u00e1shely elfoglal\u00e1sa el\u0151tt \u00e1tutal\u00e1ssal.<\/p>\n\n\n\n<p>Ha valami miatt az \u00d6n \u00e1ltal el\u0151re lefoglalt id\u0151szak v\u00e9ge el\u0151tt t\u00e1vozik a sz\u00e1ll\u00e1sr\u00f3l, nem \u00e1ll m\u00f3dunkban a sz\u00e1ll\u00e1sd\u00edjat cs\u00f6kkenteni, visszafizetni.<\/p>\n\n\n\n<p><strong>Lemond\u00e1si felt\u00e9telek:<\/strong><\/p>\n\n\n\n<p>\u00c9rkez\u00e9s el\u0151tt 7 nappal a lemond\u00e1s d\u00edjmentes. 7 napon bel\u00fcl a sz\u00e1ll\u00e1sd\u00edj 50%-a kifizetend\u0151. Aznapi lemond\u00e1s eset\u00e9n a teljes sz\u00e1ll\u00e1sk\u00f6lts\u00e9g ker\u00fcl kisz\u00e1ml\u00e1z\u00e1sra.&nbsp;<\/p>\n\n\n\n<p><strong>Banki \u00e1tutal\u00e1s:<\/strong><\/p>\n\n\n\n<p><strong>Az el\u0151leget vagy a teljes sz\u00e1ll\u00e1sd\u00edjat az al\u00e1bbi sz\u00e1mlasz\u00e1mra lehet \u00e1tutalni:<\/strong><strong><\/strong><\/p>\n\n\n\n<p>Sz\u00e1mlatulajdonos: Dani-\u00d6rd\u00f6g Dalma<br>Sz\u00e1mlavezet\u0151 bank: K&amp;H Bank Zrt.<br>Sz\u00e1mlasz\u00e1m: 10404247-96218580-01950000<\/p>\n\n\n\n<p><strong>\u00d6r\u00f6mmel \u00e9s szeretettel v\u00e1rjuk vend\u00e9gh\u00e1zunkban!<\/strong><\/p>\n\n\n\n<p><strong>Dani \u00d6rd\u00f6g Dalma<\/strong><\/p>\n\n\n\n<p><strong>email: <\/strong><a href=\"mailto:daniordogdalma@gmail.com\"><strong>daniordogdalma@gmail.com<\/strong><\/a><strong><\/strong><\/p>\n\n\n\n<p><strong>tel.: 06203356922<\/strong><\/p>\n\n\n\n<p><\/p>\n","protected":false},"excerpt":{"rendered":"<p>\u00c9rv\u00e9nyes: 2026. \u00e1prilis 01-2026. okt\u00f3ber 01. A teljes h\u00e1zat adjuk ki. 1 f\u0151 50 000 Ft 2 f\u0151 50 000 Ft 3 f\u0151 50 000 Ft 4 f\u0151 50 000 Ft 5 f\u0151 50 000 Ft 6 f\u0151 60 000 Ft Egy \u00e9jszaka eset\u00e9n egyszeri 10&nbsp;000 Ft fel\u00e1r fizetend\u0151. Vend\u00e9gh\u00e1z \u00e1rak tartalma Foglal\u00e1si \u00e9s lemond\u00e1si [&hellip;]<\/p>\n","protected":false},"author":2,"featured_media":0,"parent":0,"menu_order":0,"comment_status":"closed","ping_status":"closed","template":"","meta":{"footnotes":""},"class_list":["post-142","page","type-page","status-publish","hentry","post-preview"],"_links":{"self":[{"href":"https:\/\/evetesvendeghaz.hu\/index.php?rest_route=\/wp\/v2\/pages\/142","targetHints":{"allow":["GET"]}}],"collection":[{"href":"https:\/\/evetesvendeghaz.hu\/index.php?rest_route=\/wp\/v2\/pages"}],"about":[{"href":"https:\/\/evetesvendeghaz.hu\/index.php?rest_route=\/wp\/v2\/types\/page"}],"author":[{"embeddable":true,"href":"https:\/\/evetesvendeghaz.hu\/index.php?rest_route=\/wp\/v2\/users\/2"}],"replies":[{"embeddable":true,"href":"https:\/\/evetesvendeghaz.hu\/index.php?rest_route=%2Fwp%2Fv2%2Fcomments&post=142"}],"version-history":[{"count":22,"href":"https:\/\/evetesvendeghaz.hu\/index.php?rest_route=\/wp\/v2\/pages\/142\/revisions"}],"predecessor-version":[{"id":398,"href":"https:\/\/evetesvendeghaz.hu\/index.php?rest_route=\/wp\/v2\/pages\/142\/revisions\/398"}],"wp:attachment":[{"href":"https:\/\/evetesvendeghaz.hu\/index.php?rest_route=%2Fwp%2Fv2%2Fmedia&parent=142"}],"curies":[{"name":"wp","href":"https:\/\/api.w.org\/{rel}","templated":true}]}}